{"id":1427,"date":"2020-10-12T20:39:54","date_gmt":"2020-10-13T02:39:54","guid":{"rendered":"https:\/\/cols.test\/?page_id=1427"},"modified":"2022-11-30T12:19:53","modified_gmt":"2022-11-30T19:19:53","slug":"make-a-donation","status":"publish","type":"page","link":"https:\/\/colostudy.org\/es\/haz-una-donacion\/","title":{"rendered":"Haz una donaci\u00f3n"},"content":{"rendered":"<p>El Estudio Longitudinal de Colorado (COLS) es una organizaci\u00f3n sin fines de lucro apoyada por donantes individuales y subvenciones a trav\u00e9s de fundaciones y organizaciones de investigaci\u00f3n.<\/p>\n<p>Hemos recibido casi 1 mill\u00f3n de d\u00f3lares en financiaci\u00f3n inicial y necesitamos recaudar 1 mill\u00f3n de d\u00f3lares m\u00e1s para empezar a reclutar participantes. Si bien las grandes subvenciones servir\u00e1n como base para la financiaci\u00f3n de COLS, las donaciones individuales son importantes. Una donaci\u00f3n de 100 d\u00f3lares, por ejemplo, financia la recolecci\u00f3n de bioespec\u00edmenes para un participante durante un a\u00f1o.<\/p>\n<p>Las personas pueden ayudar a apoyar a COLS a trav\u00e9s de donaciones directas, comprando productos a trav\u00e9s de Amazon Smile y donando a COLS durante el Colorado Gives Day.<\/p>\n<p>Cuando dona a COLS, est\u00e1 ayudando a crear un recurso poderoso que se utilizar\u00e1 para mejorar la salud de las personas de su familia, su vecindario y el mundo.<\/p>\n<p>&nbsp;<\/p>","protected":false},"excerpt":{"rendered":"<p>El Estudio Longitudinal de Colorado (COLS) es una organizaci\u00f3n sin fines de lucro financiada por donantes individuales y subvenciones de fundaciones y organizaciones de investigaci\u00f3n. Hemos recibido casi 1 mill\u00f3n de d\u00f3lares en financiaci\u00f3n inicial y necesitamos recaudar 1 mill\u00f3n de d\u00f3lares m\u00e1s para comenzar a reclutar participantes. Si bien las grandes subvenciones servir\u00e1n como base para la financiaci\u00f3n del COLS, las donaciones individuales son importantes. [\u2026]<\/p>","protected":false},"author":1,"featured_media":0,"parent":0,"menu_order":0,"comment_status":"closed","ping_status":"closed","template":"template-flexible-content.php","meta":{"inline_featured_image":false,"footnotes":""},"class_list":["post-1427","page","type-page","status-publish","hentry"],"yoast_head":"<!-- This site is optimized with the Yoast SEO plugin v26.9 - https:\/\/yoast.com\/product\/yoast-seo-wordpress\/ -->\n<title>Make a Donation - Colorado Longitudinal Study<\/title>\n<meta name=\"robots\" content=\"index, follow, max-snippet:-1, max-image-preview:large, max-video-preview:-1\" \/>\n<link rel=\"canonical\" href=\"https:\/\/colostudy.org\/es\/haz-una-donacion\/\" \/>\n<meta property=\"og:locale\" content=\"es_MX\" \/>\n<meta property=\"og:type\" content=\"article\" \/>\n<meta property=\"og:title\" content=\"Make a Donation - Colorado Longitudinal Study\" \/>\n<meta property=\"og:description\" content=\"The Colorado Longitudinal Study (COLS) is a non-profit organization supported by individual donors and grants through foundations and research organizations. We have received nearly $3 million in start-up funding, and need to raise $2 million more to begin recruiting participants. While large grants will serve as the foundation of COLS funding, individual donations are important. [&hellip;]\" \/>\n<meta property=\"og:url\" content=\"https:\/\/colostudy.org\/es\/haz-una-donacion\/\" \/>\n<meta property=\"og:site_name\" content=\"Colorado Longitudinal Study\" \/>\n<meta property=\"article:modified_time\" content=\"2022-11-30T19:19:53+00:00\" \/>\n<meta name=\"twitter:card\" content=\"summary_large_image\" \/>\n<meta name=\"twitter:label1\" content=\"Tiempo de lectura\" \/>\n\t<meta name=\"twitter:data1\" content=\"1 minuto\" \/>\n<script type=\"application\/ld+json\" class=\"yoast-schema-graph\">{\"@context\":\"https:\/\/schema.org\",\"@graph\":[{\"@type\":\"WebPage\",\"@id\":\"https:\/\/colostudy.org\/make-a-donation\/\",\"url\":\"https:\/\/colostudy.org\/make-a-donation\/\",\"name\":\"Make a Donation - Colorado Longitudinal Study\",\"isPartOf\":{\"@id\":\"https:\/\/colostudy.org\/#website\"},\"datePublished\":\"2020-10-13T02:39:54+00:00\",\"dateModified\":\"2022-11-30T19:19:53+00:00\",\"breadcrumb\":{\"@id\":\"https:\/\/colostudy.org\/make-a-donation\/#breadcrumb\"},\"inLanguage\":\"es\",\"potentialAction\":[{\"@type\":\"ReadAction\",\"target\":[\"https:\/\/colostudy.org\/make-a-donation\/\"]}]},{\"@type\":\"BreadcrumbList\",\"@id\":\"https:\/\/colostudy.org\/make-a-donation\/#breadcrumb\",\"itemListElement\":[{\"@type\":\"ListItem\",\"position\":1,\"name\":\"Home\",\"item\":\"https:\/\/colostudy.org\/\"},{\"@type\":\"ListItem\",\"position\":2,\"name\":\"Make a Donation\"}]},{\"@type\":\"WebSite\",\"@id\":\"https:\/\/colostudy.org\/#website\",\"url\":\"https:\/\/colostudy.org\/\",\"name\":\"Colorado Longitudinal Study\",\"description\":\"\",\"publisher\":{\"@id\":\"https:\/\/colostudy.org\/#organization\"},\"potentialAction\":[{\"@type\":\"SearchAction\",\"target\":{\"@type\":\"EntryPoint\",\"urlTemplate\":\"https:\/\/colostudy.org\/?s={search_term_string}\"},\"query-input\":{\"@type\":\"PropertyValueSpecification\",\"valueRequired\":true,\"valueName\":\"search_term_string\"}}],\"inLanguage\":\"es\"},{\"@type\":\"Organization\",\"@id\":\"https:\/\/colostudy.org\/#organization\",\"name\":\"Colorado Longitudinal Study\",\"url\":\"https:\/\/colostudy.org\/\",\"logo\":{\"@type\":\"ImageObject\",\"inLanguage\":\"es\",\"@id\":\"https:\/\/colostudy.org\/#\/schema\/logo\/image\/\",\"url\":\"https:\/\/colostudy.org\/wp-content\/uploads\/2020\/08\/COLS_LogoWeb_RGB.png\",\"contentUrl\":\"https:\/\/colostudy.org\/wp-content\/uploads\/2020\/08\/COLS_LogoWeb_RGB.png\",\"width\":1920,\"height\":223,\"caption\":\"Colorado Longitudinal Study\"},\"image\":{\"@id\":\"https:\/\/colostudy.org\/#\/schema\/logo\/image\/\"}}]}<\/script>\n<!-- \/ Yoast SEO plugin. -->","yoast_head_json":{"title":"Make a Donation - Colorado Longitudinal Study","robots":{"index":"index","follow":"follow","max-snippet":"max-snippet:-1","max-image-preview":"max-image-preview:large","max-video-preview":"max-video-preview:-1"},"canonical":"https:\/\/colostudy.org\/es\/haz-una-donacion\/","og_locale":"es_MX","og_type":"article","og_title":"Make a Donation - Colorado Longitudinal Study","og_description":"The Colorado Longitudinal Study (COLS) is a non-profit organization supported by individual donors and grants through foundations and research organizations. We have received nearly $3 million in start-up funding, and need to raise $2 million more to begin recruiting participants. While large grants will serve as the foundation of COLS funding, individual donations are important. [&hellip;]","og_url":"https:\/\/colostudy.org\/es\/haz-una-donacion\/","og_site_name":"Colorado Longitudinal Study","article_modified_time":"2022-11-30T19:19:53+00:00","twitter_card":"summary_large_image","twitter_misc":{"Tiempo de lectura":"1 minuto"},"schema":{"@context":"https:\/\/schema.org","@graph":[{"@type":"WebPage","@id":"https:\/\/colostudy.org\/make-a-donation\/","url":"https:\/\/colostudy.org\/make-a-donation\/","name":"Make a Donation - Colorado Longitudinal Study","isPartOf":{"@id":"https:\/\/colostudy.org\/#website"},"datePublished":"2020-10-13T02:39:54+00:00","dateModified":"2022-11-30T19:19:53+00:00","breadcrumb":{"@id":"https:\/\/colostudy.org\/make-a-donation\/#breadcrumb"},"inLanguage":"es","potentialAction":[{"@type":"ReadAction","target":["https:\/\/colostudy.org\/make-a-donation\/"]}]},{"@type":"BreadcrumbList","@id":"https:\/\/colostudy.org\/make-a-donation\/#breadcrumb","itemListElement":[{"@type":"ListItem","position":1,"name":"Home","item":"https:\/\/colostudy.org\/"},{"@type":"ListItem","position":2,"name":"Make a Donation"}]},{"@type":"WebSite","@id":"https:\/\/colostudy.org\/#website","url":"https:\/\/colostudy.org\/","name":"Colorado Longitudinal Study","description":"","publisher":{"@id":"https:\/\/colostudy.org\/#organization"},"potentialAction":[{"@type":"SearchAction","target":{"@type":"EntryPoint","urlTemplate":"https:\/\/colostudy.org\/?s={search_term_string}"},"query-input":{"@type":"PropertyValueSpecification","valueRequired":true,"valueName":"search_term_string"}}],"inLanguage":"es"},{"@type":"Organization","@id":"https:\/\/colostudy.org\/#organization","name":"Colorado Longitudinal Study","url":"https:\/\/colostudy.org\/","logo":{"@type":"ImageObject","inLanguage":"es","@id":"https:\/\/colostudy.org\/#\/schema\/logo\/image\/","url":"https:\/\/colostudy.org\/wp-content\/uploads\/2020\/08\/COLS_LogoWeb_RGB.png","contentUrl":"https:\/\/colostudy.org\/wp-content\/uploads\/2020\/08\/COLS_LogoWeb_RGB.png","width":1920,"height":223,"caption":"Colorado Longitudinal Study"},"image":{"@id":"https:\/\/colostudy.org\/#\/schema\/logo\/image\/"}}]}},"_links":{"self":[{"href":"https:\/\/colostudy.org\/es\/wp-json\/wp\/v2\/pages\/1427","targetHints":{"allow":["GET"]}}],"collection":[{"href":"https:\/\/colostudy.org\/es\/wp-json\/wp\/v2\/pages"}],"about":[{"href":"https:\/\/colostudy.org\/es\/wp-json\/wp\/v2\/types\/page"}],"author":[{"embeddable":true,"href":"https:\/\/colostudy.org\/es\/wp-json\/wp\/v2\/users\/1"}],"replies":[{"embeddable":true,"href":"https:\/\/colostudy.org\/es\/wp-json\/wp\/v2\/comments?post=1427"}],"version-history":[{"count":23,"href":"https:\/\/colostudy.org\/es\/wp-json\/wp\/v2\/pages\/1427\/revisions"}],"predecessor-version":[{"id":1951,"href":"https:\/\/colostudy.org\/es\/wp-json\/wp\/v2\/pages\/1427\/revisions\/1951"}],"wp:attachment":[{"href":"https:\/\/colostudy.org\/es\/wp-json\/wp\/v2\/media?parent=1427"}],"curies":[{"name":"wp","href":"https:\/\/api.w.org\/{rel}","templated":true}]}}