{"id":1716,"date":"2022-03-11T19:37:20","date_gmt":"2022-03-12T02:37:20","guid":{"rendered":"https:\/\/colostudy.org\/?page_id=1716"},"modified":"2022-03-14T10:25:47","modified_gmt":"2022-03-14T16:25:47","slug":"data-privacy","status":"publish","type":"page","link":"https:\/\/colostudy.org\/es\/privacidad-de-datos\/","title":{"rendered":"Privacidad de datos"},"content":{"rendered":"<p><img loading=\"lazy\" decoding=\"async\" class=\"alignnone size-full wp-image-1190\" src=\"https:\/\/colostudy.org\/wp-content\/uploads\/2020\/08\/2008_GI_HandsHoldHeart-scaled.jpg\" alt=\"\" width=\"1024\" height=\"1024\" srcset=\"https:\/\/colostudy.org\/wp-content\/uploads\/2020\/08\/2008_GI_HandsHoldHeart-scaled.jpg 1024w, https:\/\/colostudy.org\/wp-content\/uploads\/2020\/08\/2008_GI_HandsHoldHeart-150x150.jpg 150w, https:\/\/colostudy.org\/wp-content\/uploads\/2020\/08\/2008_GI_HandsHoldHeart-768x768.jpg 768w, https:\/\/colostudy.org\/wp-content\/uploads\/2020\/08\/2008_GI_HandsHoldHeart-200x200.jpg 200w, https:\/\/colostudy.org\/wp-content\/uploads\/2020\/08\/2008_GI_HandsHoldHeart-300x300.jpg 300w\" sizes=\"auto, (max-width: 1024px) 100vw, 1024px\" \/><\/p>\n<p><span style=\"font-weight: 400;\">Su privacidad es muy importante para nosotros. COLS utiliza una serie de procedimientos f\u00edsicos, t\u00e9cnicos y administrativos para proteger la privacidad de su informaci\u00f3n personal, incluida la informaci\u00f3n de su cuenta, sus datos biol\u00f3gicos y sus respuestas a la encuesta.\u00a0<\/span><\/p>\n<p><span style=\"font-weight: 400;\">Estas son las principales formas en que protegemos su privacidad:<\/span><\/p>\n<ul>\n<li style=\"font-weight: 400;\" aria-level=\"1\"><span style=\"font-weight: 400;\">La informaci\u00f3n de su cuenta, incluido su nombre, direcci\u00f3n, fecha de nacimiento y otros identificadores personales, se almacenar\u00e1 por separado de sus datos de salud cl\u00ednica, datos biol\u00f3gicos y respuestas a encuestas.<\/span><\/li>\n<li style=\"font-weight: 400;\" aria-level=\"1\"><span style=\"font-weight: 400;\">Un identificador \u00fanico vincular\u00e1 la informaci\u00f3n de su cuenta con sus otros datos y solo una peque\u00f1a cantidad de personas capacitadas podr\u00e1n acceder a esa informaci\u00f3n.<\/span><\/li>\n<li style=\"font-weight: 400;\" aria-level=\"1\"><span style=\"font-weight: 400;\">Todos los datos que analicen los investigadores de COLS y los investigadores calificados estar\u00e1n vinculados a identificadores \u00fanicos, pero se les quitar\u00e1 informaci\u00f3n de identificaci\u00f3n personal (\u201cdesidentificados\u201d).<\/span><\/li>\n<li style=\"font-weight: 400;\" aria-level=\"1\"><span style=\"font-weight: 400;\">Solo se permite publicar datos agrupados y no identificados de varios participantes.<\/span><\/li>\n<li style=\"font-weight: 400;\" aria-level=\"1\"><span style=\"font-weight: 400;\">Todos los empleados y contratistas de COLS que interact\u00faan con los datos de COLS reciben capacitaci\u00f3n sobre c\u00f3mo trabajar con participantes humanos en la investigaci\u00f3n.<\/span><\/li>\n<\/ul>","protected":false},"excerpt":{"rendered":"<p>Su privacidad es muy importante para nosotros. COLS utiliza diversos procedimientos f\u00edsicos, t\u00e9cnicos y administrativos para proteger la privacidad de su informaci\u00f3n personal, incluyendo la informaci\u00f3n de su cuenta, sus datos biol\u00f3gicos y sus respuestas a las encuestas. Estas son las principales maneras en que protegemos su privacidad: La informaci\u00f3n de su cuenta, incluyendo su nombre, direcci\u00f3n, fecha de nacimiento y [\u2026]<\/p>","protected":false},"author":17,"featured_media":1676,"parent":0,"menu_order":0,"comment_status":"closed","ping_status":"closed","template":"","meta":{"inline_featured_image":false,"footnotes":""},"class_list":["post-1716","page","type-page","status-publish","has-post-thumbnail","hentry"],"yoast_head":"<!-- This site is optimized with the Yoast SEO plugin v26.9 - https:\/\/yoast.com\/product\/yoast-seo-wordpress\/ -->\n<title>Data Privacy - Colorado Longitudinal Study<\/title>\n<meta name=\"robots\" content=\"index, follow, max-snippet:-1, max-image-preview:large, max-video-preview:-1\" \/>\n<link rel=\"canonical\" href=\"https:\/\/colostudy.org\/es\/privacidad-de-datos\/\" \/>\n<meta property=\"og:locale\" content=\"es_MX\" \/>\n<meta property=\"og:type\" content=\"article\" \/>\n<meta property=\"og:title\" content=\"Data Privacy - Colorado Longitudinal Study\" \/>\n<meta property=\"og:description\" content=\"Your privacy is very important to us. COLS uses a number of physical, technical, and administrative procedures to protect the privacy of your personal information, including your Account Information, biological data, and your survey responses.\u00a0 Here are the main ways we protect your privacy: Your Account Information including your name, address, date of birth, and [&hellip;]\" \/>\n<meta property=\"og:url\" content=\"https:\/\/colostudy.org\/es\/privacidad-de-datos\/\" \/>\n<meta property=\"og:site_name\" content=\"Colorado Longitudinal Study\" \/>\n<meta property=\"article:modified_time\" content=\"2022-03-14T16:25:47+00:00\" \/>\n<meta property=\"og:image\" content=\"https:\/\/colostudy.org\/wp-content\/uploads\/2022\/03\/shutterstock_1548797354.jpg\" \/>\n\t<meta property=\"og:image:width\" content=\"1536\" \/>\n\t<meta property=\"og:image:height\" content=\"1024\" \/>\n\t<meta property=\"og:image:type\" content=\"image\/jpeg\" \/>\n<meta name=\"twitter:card\" content=\"summary_large_image\" \/>\n<script type=\"application\/ld+json\" class=\"yoast-schema-graph\">{\"@context\":\"https:\/\/schema.org\",\"@graph\":[{\"@type\":\"WebPage\",\"@id\":\"https:\/\/colostudy.org\/data-privacy\/\",\"url\":\"https:\/\/colostudy.org\/data-privacy\/\",\"name\":\"Data Privacy - Colorado Longitudinal Study\",\"isPartOf\":{\"@id\":\"https:\/\/colostudy.org\/#website\"},\"primaryImageOfPage\":{\"@id\":\"https:\/\/colostudy.org\/data-privacy\/#primaryimage\"},\"image\":{\"@id\":\"https:\/\/colostudy.org\/data-privacy\/#primaryimage\"},\"thumbnailUrl\":\"https:\/\/colostudy.org\/wp-content\/uploads\/2022\/03\/shutterstock_1548797354.jpg\",\"datePublished\":\"2022-03-12T02:37:20+00:00\",\"dateModified\":\"2022-03-14T16:25:47+00:00\",\"breadcrumb\":{\"@id\":\"https:\/\/colostudy.org\/data-privacy\/#breadcrumb\"},\"inLanguage\":\"es\",\"potentialAction\":[{\"@type\":\"ReadAction\",\"target\":[\"https:\/\/colostudy.org\/data-privacy\/\"]}]},{\"@type\":\"ImageObject\",\"inLanguage\":\"es\",\"@id\":\"https:\/\/colostudy.org\/data-privacy\/#primaryimage\",\"url\":\"https:\/\/colostudy.org\/wp-content\/uploads\/2022\/03\/shutterstock_1548797354.jpg\",\"contentUrl\":\"https:\/\/colostudy.org\/wp-content\/uploads\/2022\/03\/shutterstock_1548797354.jpg\",\"width\":1536,\"height\":1024},{\"@type\":\"BreadcrumbList\",\"@id\":\"https:\/\/colostudy.org\/data-privacy\/#breadcrumb\",\"itemListElement\":[{\"@type\":\"ListItem\",\"position\":1,\"name\":\"Home\",\"item\":\"https:\/\/colostudy.org\/\"},{\"@type\":\"ListItem\",\"position\":2,\"name\":\"Data Privacy\"}]},{\"@type\":\"WebSite\",\"@id\":\"https:\/\/colostudy.org\/#website\",\"url\":\"https:\/\/colostudy.org\/\",\"name\":\"Colorado Longitudinal Study\",\"description\":\"\",\"publisher\":{\"@id\":\"https:\/\/colostudy.org\/#organization\"},\"potentialAction\":[{\"@type\":\"SearchAction\",\"target\":{\"@type\":\"EntryPoint\",\"urlTemplate\":\"https:\/\/colostudy.org\/?s={search_term_string}\"},\"query-input\":{\"@type\":\"PropertyValueSpecification\",\"valueRequired\":true,\"valueName\":\"search_term_string\"}}],\"inLanguage\":\"es\"},{\"@type\":\"Organization\",\"@id\":\"https:\/\/colostudy.org\/#organization\",\"name\":\"Colorado Longitudinal Study\",\"url\":\"https:\/\/colostudy.org\/\",\"logo\":{\"@type\":\"ImageObject\",\"inLanguage\":\"es\",\"@id\":\"https:\/\/colostudy.org\/#\/schema\/logo\/image\/\",\"url\":\"https:\/\/colostudy.org\/wp-content\/uploads\/2020\/08\/COLS_LogoWeb_RGB.png\",\"contentUrl\":\"https:\/\/colostudy.org\/wp-content\/uploads\/2020\/08\/COLS_LogoWeb_RGB.png\",\"width\":1920,\"height\":223,\"caption\":\"Colorado Longitudinal Study\"},\"image\":{\"@id\":\"https:\/\/colostudy.org\/#\/schema\/logo\/image\/\"}}]}<\/script>\n<!-- \/ Yoast SEO plugin. -->","yoast_head_json":{"title":"Data Privacy - Colorado Longitudinal Study","robots":{"index":"index","follow":"follow","max-snippet":"max-snippet:-1","max-image-preview":"max-image-preview:large","max-video-preview":"max-video-preview:-1"},"canonical":"https:\/\/colostudy.org\/es\/privacidad-de-datos\/","og_locale":"es_MX","og_type":"article","og_title":"Data Privacy - Colorado Longitudinal Study","og_description":"Your privacy is very important to us. COLS uses a number of physical, technical, and administrative procedures to protect the privacy of your personal information, including your Account Information, biological data, and your survey responses.\u00a0 Here are the main ways we protect your privacy: Your Account Information including your name, address, date of birth, and [&hellip;]","og_url":"https:\/\/colostudy.org\/es\/privacidad-de-datos\/","og_site_name":"Colorado Longitudinal Study","article_modified_time":"2022-03-14T16:25:47+00:00","og_image":[{"width":1536,"height":1024,"url":"https:\/\/colostudy.org\/wp-content\/uploads\/2022\/03\/shutterstock_1548797354.jpg","type":"image\/jpeg"}],"twitter_card":"summary_large_image","schema":{"@context":"https:\/\/schema.org","@graph":[{"@type":"WebPage","@id":"https:\/\/colostudy.org\/data-privacy\/","url":"https:\/\/colostudy.org\/data-privacy\/","name":"Data Privacy - Colorado Longitudinal Study","isPartOf":{"@id":"https:\/\/colostudy.org\/#website"},"primaryImageOfPage":{"@id":"https:\/\/colostudy.org\/data-privacy\/#primaryimage"},"image":{"@id":"https:\/\/colostudy.org\/data-privacy\/#primaryimage"},"thumbnailUrl":"https:\/\/colostudy.org\/wp-content\/uploads\/2022\/03\/shutterstock_1548797354.jpg","datePublished":"2022-03-12T02:37:20+00:00","dateModified":"2022-03-14T16:25:47+00:00","breadcrumb":{"@id":"https:\/\/colostudy.org\/data-privacy\/#breadcrumb"},"inLanguage":"es","potentialAction":[{"@type":"ReadAction","target":["https:\/\/colostudy.org\/data-privacy\/"]}]},{"@type":"ImageObject","inLanguage":"es","@id":"https:\/\/colostudy.org\/data-privacy\/#primaryimage","url":"https:\/\/colostudy.org\/wp-content\/uploads\/2022\/03\/shutterstock_1548797354.jpg","contentUrl":"https:\/\/colostudy.org\/wp-content\/uploads\/2022\/03\/shutterstock_1548797354.jpg","width":1536,"height":1024},{"@type":"BreadcrumbList","@id":"https:\/\/colostudy.org\/data-privacy\/#breadcrumb","itemListElement":[{"@type":"ListItem","position":1,"name":"Home","item":"https:\/\/colostudy.org\/"},{"@type":"ListItem","position":2,"name":"Data Privacy"}]},{"@type":"WebSite","@id":"https:\/\/colostudy.org\/#website","url":"https:\/\/colostudy.org\/","name":"Colorado Longitudinal Study","description":"","publisher":{"@id":"https:\/\/colostudy.org\/#organization"},"potentialAction":[{"@type":"SearchAction","target":{"@type":"EntryPoint","urlTemplate":"https:\/\/colostudy.org\/?s={search_term_string}"},"query-input":{"@type":"PropertyValueSpecification","valueRequired":true,"valueName":"search_term_string"}}],"inLanguage":"es"},{"@type":"Organization","@id":"https:\/\/colostudy.org\/#organization","name":"Colorado Longitudinal Study","url":"https:\/\/colostudy.org\/","logo":{"@type":"ImageObject","inLanguage":"es","@id":"https:\/\/colostudy.org\/#\/schema\/logo\/image\/","url":"https:\/\/colostudy.org\/wp-content\/uploads\/2020\/08\/COLS_LogoWeb_RGB.png","contentUrl":"https:\/\/colostudy.org\/wp-content\/uploads\/2020\/08\/COLS_LogoWeb_RGB.png","width":1920,"height":223,"caption":"Colorado Longitudinal Study"},"image":{"@id":"https:\/\/colostudy.org\/#\/schema\/logo\/image\/"}}]}},"_links":{"self":[{"href":"https:\/\/colostudy.org\/es\/wp-json\/wp\/v2\/pages\/1716","targetHints":{"allow":["GET"]}}],"collection":[{"href":"https:\/\/colostudy.org\/es\/wp-json\/wp\/v2\/pages"}],"about":[{"href":"https:\/\/colostudy.org\/es\/wp-json\/wp\/v2\/types\/page"}],"author":[{"embeddable":true,"href":"https:\/\/colostudy.org\/es\/wp-json\/wp\/v2\/users\/17"}],"replies":[{"embeddable":true,"href":"https:\/\/colostudy.org\/es\/wp-json\/wp\/v2\/comments?post=1716"}],"version-history":[{"count":5,"href":"https:\/\/colostudy.org\/es\/wp-json\/wp\/v2\/pages\/1716\/revisions"}],"predecessor-version":[{"id":1757,"href":"https:\/\/colostudy.org\/es\/wp-json\/wp\/v2\/pages\/1716\/revisions\/1757"}],"wp:featuredmedia":[{"embeddable":true,"href":"https:\/\/colostudy.org\/es\/wp-json\/wp\/v2\/media\/1676"}],"wp:attachment":[{"href":"https:\/\/colostudy.org\/es\/wp-json\/wp\/v2\/media?parent=1716"}],"curies":[{"name":"wp","href":"https:\/\/api.w.org\/{rel}","templated":true}]}}