{"id":502,"date":"2020-08-13T11:31:46","date_gmt":"2020-08-13T17:31:46","guid":{"rendered":"https:\/\/coloradolongitudinalstudy.org\/?page_id=502"},"modified":"2023-09-12T14:21:00","modified_gmt":"2023-09-12T20:21:00","slug":"biospecimens-and-storage","status":"publish","type":"page","link":"https:\/\/colostudy.org\/es\/bioespecimenes-y-almacenamiento\/","title":{"rendered":"Recolecci\u00f3n y almacenamiento de muestras biol\u00f3gicas"},"content":{"rendered":"<h3>Preservaci\u00f3n de bioespec\u00edmenes para una generaci\u00f3n de investigadores<\/h3>\n<p>El objetivo del Estudio Longitudinal de Colorado (COLS) es obtener y almacenar hasta diez a\u00f1os de muestras de sangre anuales de miles de habitantes de Colorado. Las muestras biol\u00f3gicas se recolectar\u00e1n y almacenar\u00e1n de la manera m\u00e1s rigurosa para permitir la preservaci\u00f3n no solo del ADN, sino tambi\u00e9n de mol\u00e9culas fr\u00e1giles, incluido el ARN, prote\u00ednas, l\u00edpidos, metabolitos y peque\u00f1as mol\u00e9culas expresadas en el microbioma. Se recopilar\u00e1 y comparar\u00e1 con estas muestras biol\u00f3gicas informaci\u00f3n completa adjunta sobre comportamientos, estilo de vida, salud cl\u00ednica, determinantes sociales de la salud (SDOH) y medio ambiente. Esta plataforma de investigaci\u00f3n proporcionar\u00e1 a los cient\u00edficos una herramienta sin precedentes para descubrir las causas de enfermedades tanto comunes como raras (y encontrar nuevas formas de prevenir o tratar estas enfermedades) al proporcionar muestras biol\u00f3gicas y datos de toda la comunidad antes, durante y despu\u00e9s del desarrollo de la enfermedad. Esto permitir\u00e1 a los investigadores ayudar a descubrir biomarcadores de enfermedades futuras, as\u00ed como factores que las causan.<\/p>\n<p>La importancia de la investigaci\u00f3n que resultar\u00e1 del biobanco COLS depender\u00e1 de la calidad de las muestras biol\u00f3gicas recolectadas. Dado que muchas de las muestras permanecer\u00e1n almacenadas en el biobanco durante muchos a\u00f1os, es fundamental que todos los aspectos del biodep\u00f3sito sean absolutamente de \u00faltima generaci\u00f3n e incorporen cualquier avance tecnol\u00f3gico en los m\u00e9todos que se desarrollen en el futuro.<\/p>\n<p>COLS se asociar\u00e1 con un biodep\u00f3sito experimentado y respetado para manejar todos los aspectos del almacenamiento y difusi\u00f3n de las muestras biol\u00f3gicas humanas de COLS. El biorrepositorio seleccionado debe contar con un personal multidisciplinario altamente capacitado con un historial comprobado, un sistema de gesti\u00f3n de calidad bien establecido y un excelente sistema de gesti\u00f3n de informaci\u00f3n y laboratorio (LIMS) y soporte de TI para garantizar la recolecci\u00f3n, el almacenamiento y la difusi\u00f3n exitosos de COLS. bioespec\u00edmenes. El biorepositorio debe proporcionar:<\/p>\n<ul>\n<li>Capacidad para manipular cientos de miles de espec\u00edmenes biol\u00f3gicos humanos<\/li>\n<li>M\u00e9todos rob\u00f3ticos modernos para fraccionar, almacenar y recuperar muestras biol\u00f3gicas<\/li>\n<li>Metodolog\u00eda para realizar la extracci\u00f3n de ADN.<\/li>\n<li>Control de calidad continuo para garantizar la integridad a largo plazo de las muestras biol\u00f3gicas.<\/li>\n<li>Sistemas de recuperaci\u00f3n de desastres para garantizar que las muestras se mantengan a temperaturas y condiciones constantes.<\/li>\n<\/ul>\n<p>Estas caracter\u00edsticas de dise\u00f1o garantizan que el biobanco COLS sea excepcionalmente poderoso y siga siendo un recurso para miles de investigadores en las pr\u00f3ximas d\u00e9cadas.<\/p>","protected":false},"excerpt":{"rendered":"<p>Preservaci\u00f3n de bioespec\u00edmenes para una generaci\u00f3n de investigadores. El objetivo del Estudio Longitudinal de Colorado (COLS) es obtener y almacenar hasta diez a\u00f1os de muestras de sangre anuales de miles de habitantes de Colorado. Las muestras biol\u00f3gicas se recolectar\u00e1n y almacenar\u00e1n con el m\u00e1ximo rigor para preservar no solo el ADN, sino tambi\u00e9n [\u2026]<\/p>","protected":false},"author":17,"featured_media":312,"parent":0,"menu_order":0,"comment_status":"closed","ping_status":"closed","template":"","meta":{"inline_featured_image":false,"footnotes":""},"class_list":["post-502","page","type-page","status-publish","has-post-thumbnail","hentry"],"yoast_head":"<!-- This site is optimized with the Yoast SEO plugin v26.9 - https:\/\/yoast.com\/product\/yoast-seo-wordpress\/ -->\n<title>Biospecimen Collection and Storage - Colorado Longitudinal Study<\/title>\n<meta name=\"robots\" content=\"index, follow, max-snippet:-1, max-image-preview:large, max-video-preview:-1\" \/>\n<link rel=\"canonical\" href=\"https:\/\/colostudy.org\/es\/bioespecimenes-y-almacenamiento\/\" \/>\n<meta property=\"og:locale\" content=\"es_MX\" \/>\n<meta property=\"og:type\" content=\"article\" \/>\n<meta property=\"og:title\" content=\"Biospecimen Collection and Storage - Colorado Longitudinal Study\" \/>\n<meta property=\"og:description\" content=\"Preserving Biospecimens for a Generation of Researchers The goal of the Colorado Longitudinal Study (COLS) is to obtain and store up to ten years of annual blood specimens from thousands of Coloradans. The biological specimens will be collected and stored in the most rigorous manner to allow preservation of not just DNA, but also fragile [&hellip;]\" \/>\n<meta property=\"og:url\" content=\"https:\/\/colostudy.org\/es\/bioespecimenes-y-almacenamiento\/\" \/>\n<meta property=\"og:site_name\" content=\"Colorado Longitudinal Study\" \/>\n<meta property=\"article:modified_time\" content=\"2023-09-12T20:21:00+00:00\" \/>\n<meta property=\"og:image\" content=\"https:\/\/colostudy.org\/wp-content\/uploads\/2020\/08\/FPO-iStock-509056728researcherinlabcropped-e1598445879957.jpg\" \/>\n\t<meta property=\"og:image:width\" content=\"1600\" \/>\n\t<meta property=\"og:image:height\" content=\"900\" \/>\n\t<meta property=\"og:image:type\" content=\"image\/jpeg\" \/>\n<meta name=\"twitter:card\" content=\"summary_large_image\" \/>\n<meta name=\"twitter:label1\" content=\"Tiempo de lectura\" \/>\n\t<meta name=\"twitter:data1\" content=\"2 minutos\" \/>\n<script type=\"application\/ld+json\" class=\"yoast-schema-graph\">{\"@context\":\"https:\/\/schema.org\",\"@graph\":[{\"@type\":\"WebPage\",\"@id\":\"https:\/\/colostudy.org\/biospecimens-and-storage\/\",\"url\":\"https:\/\/colostudy.org\/biospecimens-and-storage\/\",\"name\":\"Biospecimen Collection and Storage - Colorado Longitudinal Study\",\"isPartOf\":{\"@id\":\"https:\/\/colostudy.org\/#website\"},\"primaryImageOfPage\":{\"@id\":\"https:\/\/colostudy.org\/biospecimens-and-storage\/#primaryimage\"},\"image\":{\"@id\":\"https:\/\/colostudy.org\/biospecimens-and-storage\/#primaryimage\"},\"thumbnailUrl\":\"https:\/\/colostudy.org\/wp-content\/uploads\/2020\/08\/FPO-iStock-509056728researcherinlabcropped-e1598445879957.jpg\",\"datePublished\":\"2020-08-13T17:31:46+00:00\",\"dateModified\":\"2023-09-12T20:21:00+00:00\",\"breadcrumb\":{\"@id\":\"https:\/\/colostudy.org\/biospecimens-and-storage\/#breadcrumb\"},\"inLanguage\":\"es\",\"potentialAction\":[{\"@type\":\"ReadAction\",\"target\":[\"https:\/\/colostudy.org\/biospecimens-and-storage\/\"]}]},{\"@type\":\"ImageObject\",\"inLanguage\":\"es\",\"@id\":\"https:\/\/colostudy.org\/biospecimens-and-storage\/#primaryimage\",\"url\":\"https:\/\/colostudy.org\/wp-content\/uploads\/2020\/08\/FPO-iStock-509056728researcherinlabcropped-e1598445879957.jpg\",\"contentUrl\":\"https:\/\/colostudy.org\/wp-content\/uploads\/2020\/08\/FPO-iStock-509056728researcherinlabcropped-e1598445879957.jpg\",\"width\":1600,\"height\":900},{\"@type\":\"BreadcrumbList\",\"@id\":\"https:\/\/colostudy.org\/biospecimens-and-storage\/#breadcrumb\",\"itemListElement\":[{\"@type\":\"ListItem\",\"position\":1,\"name\":\"Home\",\"item\":\"https:\/\/colostudy.org\/\"},{\"@type\":\"ListItem\",\"position\":2,\"name\":\"Biospecimen Collection and Storage\"}]},{\"@type\":\"WebSite\",\"@id\":\"https:\/\/colostudy.org\/#website\",\"url\":\"https:\/\/colostudy.org\/\",\"name\":\"Colorado Longitudinal Study\",\"description\":\"\",\"publisher\":{\"@id\":\"https:\/\/colostudy.org\/#organization\"},\"potentialAction\":[{\"@type\":\"SearchAction\",\"target\":{\"@type\":\"EntryPoint\",\"urlTemplate\":\"https:\/\/colostudy.org\/?s={search_term_string}\"},\"query-input\":{\"@type\":\"PropertyValueSpecification\",\"valueRequired\":true,\"valueName\":\"search_term_string\"}}],\"inLanguage\":\"es\"},{\"@type\":\"Organization\",\"@id\":\"https:\/\/colostudy.org\/#organization\",\"name\":\"Colorado Longitudinal Study\",\"url\":\"https:\/\/colostudy.org\/\",\"logo\":{\"@type\":\"ImageObject\",\"inLanguage\":\"es\",\"@id\":\"https:\/\/colostudy.org\/#\/schema\/logo\/image\/\",\"url\":\"https:\/\/colostudy.org\/wp-content\/uploads\/2020\/08\/COLS_LogoWeb_RGB.png\",\"contentUrl\":\"https:\/\/colostudy.org\/wp-content\/uploads\/2020\/08\/COLS_LogoWeb_RGB.png\",\"width\":1920,\"height\":223,\"caption\":\"Colorado Longitudinal Study\"},\"image\":{\"@id\":\"https:\/\/colostudy.org\/#\/schema\/logo\/image\/\"}}]}<\/script>\n<!-- \/ Yoast SEO plugin. -->","yoast_head_json":{"title":"Biospecimen Collection and Storage - Colorado Longitudinal Study","robots":{"index":"index","follow":"follow","max-snippet":"max-snippet:-1","max-image-preview":"max-image-preview:large","max-video-preview":"max-video-preview:-1"},"canonical":"https:\/\/colostudy.org\/es\/bioespecimenes-y-almacenamiento\/","og_locale":"es_MX","og_type":"article","og_title":"Biospecimen Collection and Storage - Colorado Longitudinal Study","og_description":"Preserving Biospecimens for a Generation of Researchers The goal of the Colorado Longitudinal Study (COLS) is to obtain and store up to ten years of annual blood specimens from thousands of Coloradans. The biological specimens will be collected and stored in the most rigorous manner to allow preservation of not just DNA, but also fragile [&hellip;]","og_url":"https:\/\/colostudy.org\/es\/bioespecimenes-y-almacenamiento\/","og_site_name":"Colorado Longitudinal Study","article_modified_time":"2023-09-12T20:21:00+00:00","og_image":[{"width":1600,"height":900,"url":"https:\/\/colostudy.org\/wp-content\/uploads\/2020\/08\/FPO-iStock-509056728researcherinlabcropped-e1598445879957.jpg","type":"image\/jpeg"}],"twitter_card":"summary_large_image","twitter_misc":{"Tiempo de lectura":"2 minutos"},"schema":{"@context":"https:\/\/schema.org","@graph":[{"@type":"WebPage","@id":"https:\/\/colostudy.org\/biospecimens-and-storage\/","url":"https:\/\/colostudy.org\/biospecimens-and-storage\/","name":"Biospecimen Collection and Storage - Colorado Longitudinal Study","isPartOf":{"@id":"https:\/\/colostudy.org\/#website"},"primaryImageOfPage":{"@id":"https:\/\/colostudy.org\/biospecimens-and-storage\/#primaryimage"},"image":{"@id":"https:\/\/colostudy.org\/biospecimens-and-storage\/#primaryimage"},"thumbnailUrl":"https:\/\/colostudy.org\/wp-content\/uploads\/2020\/08\/FPO-iStock-509056728researcherinlabcropped-e1598445879957.jpg","datePublished":"2020-08-13T17:31:46+00:00","dateModified":"2023-09-12T20:21:00+00:00","breadcrumb":{"@id":"https:\/\/colostudy.org\/biospecimens-and-storage\/#breadcrumb"},"inLanguage":"es","potentialAction":[{"@type":"ReadAction","target":["https:\/\/colostudy.org\/biospecimens-and-storage\/"]}]},{"@type":"ImageObject","inLanguage":"es","@id":"https:\/\/colostudy.org\/biospecimens-and-storage\/#primaryimage","url":"https:\/\/colostudy.org\/wp-content\/uploads\/2020\/08\/FPO-iStock-509056728researcherinlabcropped-e1598445879957.jpg","contentUrl":"https:\/\/colostudy.org\/wp-content\/uploads\/2020\/08\/FPO-iStock-509056728researcherinlabcropped-e1598445879957.jpg","width":1600,"height":900},{"@type":"BreadcrumbList","@id":"https:\/\/colostudy.org\/biospecimens-and-storage\/#breadcrumb","itemListElement":[{"@type":"ListItem","position":1,"name":"Home","item":"https:\/\/colostudy.org\/"},{"@type":"ListItem","position":2,"name":"Biospecimen Collection and Storage"}]},{"@type":"WebSite","@id":"https:\/\/colostudy.org\/#website","url":"https:\/\/colostudy.org\/","name":"Colorado Longitudinal Study","description":"","publisher":{"@id":"https:\/\/colostudy.org\/#organization"},"potentialAction":[{"@type":"SearchAction","target":{"@type":"EntryPoint","urlTemplate":"https:\/\/colostudy.org\/?s={search_term_string}"},"query-input":{"@type":"PropertyValueSpecification","valueRequired":true,"valueName":"search_term_string"}}],"inLanguage":"es"},{"@type":"Organization","@id":"https:\/\/colostudy.org\/#organization","name":"Colorado Longitudinal Study","url":"https:\/\/colostudy.org\/","logo":{"@type":"ImageObject","inLanguage":"es","@id":"https:\/\/colostudy.org\/#\/schema\/logo\/image\/","url":"https:\/\/colostudy.org\/wp-content\/uploads\/2020\/08\/COLS_LogoWeb_RGB.png","contentUrl":"https:\/\/colostudy.org\/wp-content\/uploads\/2020\/08\/COLS_LogoWeb_RGB.png","width":1920,"height":223,"caption":"Colorado Longitudinal Study"},"image":{"@id":"https:\/\/colostudy.org\/#\/schema\/logo\/image\/"}}]}},"_links":{"self":[{"href":"https:\/\/colostudy.org\/es\/wp-json\/wp\/v2\/pages\/502","targetHints":{"allow":["GET"]}}],"collection":[{"href":"https:\/\/colostudy.org\/es\/wp-json\/wp\/v2\/pages"}],"about":[{"href":"https:\/\/colostudy.org\/es\/wp-json\/wp\/v2\/types\/page"}],"author":[{"embeddable":true,"href":"https:\/\/colostudy.org\/es\/wp-json\/wp\/v2\/users\/17"}],"replies":[{"embeddable":true,"href":"https:\/\/colostudy.org\/es\/wp-json\/wp\/v2\/comments?post=502"}],"version-history":[{"count":30,"href":"https:\/\/colostudy.org\/es\/wp-json\/wp\/v2\/pages\/502\/revisions"}],"predecessor-version":[{"id":1967,"href":"https:\/\/colostudy.org\/es\/wp-json\/wp\/v2\/pages\/502\/revisions\/1967"}],"wp:featuredmedia":[{"embeddable":true,"href":"https:\/\/colostudy.org\/es\/wp-json\/wp\/v2\/media\/312"}],"wp:attachment":[{"href":"https:\/\/colostudy.org\/es\/wp-json\/wp\/v2\/media?parent=502"}],"curies":[{"name":"wp","href":"https:\/\/api.w.org\/{rel}","templated":true}]}}