{"id":510,"date":"2020-08-13T11:36:22","date_gmt":"2020-08-13T17:36:22","guid":{"rendered":"https:\/\/coloradolongitudinalstudy.org\/?page_id=510"},"modified":"2023-09-12T14:03:42","modified_gmt":"2023-09-12T20:03:42","slug":"cols-diversity","status":"publish","type":"page","link":"https:\/\/colostudy.org\/es\/diversidad-de-cols\/","title":{"rendered":"Compromiso con la Diversidad"},"content":{"rendered":"<h5>Nuestro compromiso con la diversidad<\/h5>\n<p><span style=\"font-weight: 400;\">Incluir a poblaciones que normalmente est\u00e1n subrepresentadas en la investigaci\u00f3n es una prioridad para COLS. Hemos dedicado mucho tiempo y recursos para garantizar que podamos interactuar con todas las comunidades de una manera aut\u00e9ntica y continua, para generar confianza y garantizar la participaci\u00f3n de los miembros de la comunidad en nuestro biobanco. COLS se compromete a garantizar la participaci\u00f3n de personas que representan la diversidad en una serie de \u00e1reas: <\/span><\/p>\n<ul>\n<li>Carrera<\/li>\n<li>Etnicidad<\/li>\n<li>Cultura<\/li>\n<li>Edad<\/li>\n<li>G\u00e9nero<\/li>\n<li>Estatus socioecon\u00f3mico<\/li>\n<li>Geograf\u00eda (rural, urbana, monta\u00f1as, llanuras)<\/li>\n<\/ul>\n<p><span style=\"font-weight: 400;\">Creemos en la equidad en salud y nos esforzamos por garantizar que personas de grupos diversos y subrepresentados formen parte de COLS. Sabemos que la transparencia, la honestidad y la confianza son la base de nuestro compromiso comunitario que permite que todos est\u00e9n representados. Juntos, sabemos que realmente podemos hacer realidad nuestra visi\u00f3n de equidad en salud, justicia y un futuro m\u00e1s saludable para TODOS.\u00a0\u00a0<\/span><\/p>","protected":false},"excerpt":{"rendered":"<p>Nuestro compromiso con la diversidad. Incluir a poblaciones que suelen estar subrepresentadas en la investigaci\u00f3n es una prioridad para COLS. Hemos dedicado tiempo y recursos considerables para asegurarnos de interactuar con todas las comunidades de forma aut\u00e9ntica y continua, para generar confianza y asegurar la participaci\u00f3n de los miembros de la comunidad en nuestro biobanco. COLS se compromete a garantizar [\u2026]<\/p>","protected":false},"author":17,"featured_media":1421,"parent":0,"menu_order":0,"comment_status":"closed","ping_status":"closed","template":"","meta":{"inline_featured_image":false,"footnotes":""},"class_list":["post-510","page","type-page","status-publish","has-post-thumbnail","hentry"],"yoast_head":"<!-- This site is optimized with the Yoast SEO plugin v26.9 - https:\/\/yoast.com\/product\/yoast-seo-wordpress\/ -->\n<title>Commitment to Diversity - Colorado Longitudinal Study<\/title>\n<meta name=\"robots\" content=\"index, follow, max-snippet:-1, max-image-preview:large, max-video-preview:-1\" \/>\n<link rel=\"canonical\" href=\"https:\/\/colostudy.org\/es\/diversidad-de-cols\/\" \/>\n<meta property=\"og:locale\" content=\"es_MX\" \/>\n<meta property=\"og:type\" content=\"article\" \/>\n<meta property=\"og:title\" content=\"Commitment to Diversity - Colorado Longitudinal Study\" \/>\n<meta property=\"og:description\" content=\"Our Commitment to Diversity Including populations that are typically underrepresented in research is a priority for COLS. We have dedicated significant time and resources to ensure that we can engage with all communities in an authentic, ongoing way, to build trust and ensure input from community members in our biobank. COLS is committed to ensuring [&hellip;]\" \/>\n<meta property=\"og:url\" content=\"https:\/\/colostudy.org\/es\/diversidad-de-cols\/\" \/>\n<meta property=\"og:site_name\" content=\"Colorado Longitudinal Study\" \/>\n<meta property=\"article:modified_time\" content=\"2023-09-12T20:03:42+00:00\" \/>\n<meta property=\"og:image\" content=\"https:\/\/colostudy.org\/wp-content\/uploads\/2020\/10\/tennis-couples_small-1.jpg\" \/>\n\t<meta property=\"og:image:width\" content=\"1664\" \/>\n\t<meta property=\"og:image:height\" content=\"939\" \/>\n\t<meta property=\"og:image:type\" content=\"image\/jpeg\" \/>\n<meta name=\"twitter:card\" content=\"summary_large_image\" \/>\n<meta name=\"twitter:label1\" content=\"Tiempo de lectura\" \/>\n\t<meta name=\"twitter:data1\" content=\"1 minuto\" \/>\n<script type=\"application\/ld+json\" class=\"yoast-schema-graph\">{\"@context\":\"https:\/\/schema.org\",\"@graph\":[{\"@type\":\"WebPage\",\"@id\":\"https:\/\/colostudy.org\/cols-diversity\/\",\"url\":\"https:\/\/colostudy.org\/cols-diversity\/\",\"name\":\"Commitment to Diversity - Colorado Longitudinal Study\",\"isPartOf\":{\"@id\":\"https:\/\/colostudy.org\/#website\"},\"primaryImageOfPage\":{\"@id\":\"https:\/\/colostudy.org\/cols-diversity\/#primaryimage\"},\"image\":{\"@id\":\"https:\/\/colostudy.org\/cols-diversity\/#primaryimage\"},\"thumbnailUrl\":\"https:\/\/colostudy.org\/wp-content\/uploads\/2020\/10\/tennis-couples_small-1.jpg\",\"datePublished\":\"2020-08-13T17:36:22+00:00\",\"dateModified\":\"2023-09-12T20:03:42+00:00\",\"breadcrumb\":{\"@id\":\"https:\/\/colostudy.org\/cols-diversity\/#breadcrumb\"},\"inLanguage\":\"es\",\"potentialAction\":[{\"@type\":\"ReadAction\",\"target\":[\"https:\/\/colostudy.org\/cols-diversity\/\"]}]},{\"@type\":\"ImageObject\",\"inLanguage\":\"es\",\"@id\":\"https:\/\/colostudy.org\/cols-diversity\/#primaryimage\",\"url\":\"https:\/\/colostudy.org\/wp-content\/uploads\/2020\/10\/tennis-couples_small-1.jpg\",\"contentUrl\":\"https:\/\/colostudy.org\/wp-content\/uploads\/2020\/10\/tennis-couples_small-1.jpg\",\"width\":1664,\"height\":939,\"caption\":\"COLS participants will reflect Colorado's diversity.\"},{\"@type\":\"BreadcrumbList\",\"@id\":\"https:\/\/colostudy.org\/cols-diversity\/#breadcrumb\",\"itemListElement\":[{\"@type\":\"ListItem\",\"position\":1,\"name\":\"Home\",\"item\":\"https:\/\/colostudy.org\/\"},{\"@type\":\"ListItem\",\"position\":2,\"name\":\"Commitment to Diversity\"}]},{\"@type\":\"WebSite\",\"@id\":\"https:\/\/colostudy.org\/#website\",\"url\":\"https:\/\/colostudy.org\/\",\"name\":\"Colorado Longitudinal Study\",\"description\":\"\",\"publisher\":{\"@id\":\"https:\/\/colostudy.org\/#organization\"},\"potentialAction\":[{\"@type\":\"SearchAction\",\"target\":{\"@type\":\"EntryPoint\",\"urlTemplate\":\"https:\/\/colostudy.org\/?s={search_term_string}\"},\"query-input\":{\"@type\":\"PropertyValueSpecification\",\"valueRequired\":true,\"valueName\":\"search_term_string\"}}],\"inLanguage\":\"es\"},{\"@type\":\"Organization\",\"@id\":\"https:\/\/colostudy.org\/#organization\",\"name\":\"Colorado Longitudinal Study\",\"url\":\"https:\/\/colostudy.org\/\",\"logo\":{\"@type\":\"ImageObject\",\"inLanguage\":\"es\",\"@id\":\"https:\/\/colostudy.org\/#\/schema\/logo\/image\/\",\"url\":\"https:\/\/colostudy.org\/wp-content\/uploads\/2020\/08\/COLS_LogoWeb_RGB.png\",\"contentUrl\":\"https:\/\/colostudy.org\/wp-content\/uploads\/2020\/08\/COLS_LogoWeb_RGB.png\",\"width\":1920,\"height\":223,\"caption\":\"Colorado Longitudinal Study\"},\"image\":{\"@id\":\"https:\/\/colostudy.org\/#\/schema\/logo\/image\/\"}}]}<\/script>\n<!-- \/ Yoast SEO plugin. -->","yoast_head_json":{"title":"Commitment to Diversity - Colorado Longitudinal Study","robots":{"index":"index","follow":"follow","max-snippet":"max-snippet:-1","max-image-preview":"max-image-preview:large","max-video-preview":"max-video-preview:-1"},"canonical":"https:\/\/colostudy.org\/es\/diversidad-de-cols\/","og_locale":"es_MX","og_type":"article","og_title":"Commitment to Diversity - Colorado Longitudinal Study","og_description":"Our Commitment to Diversity Including populations that are typically underrepresented in research is a priority for COLS. We have dedicated significant time and resources to ensure that we can engage with all communities in an authentic, ongoing way, to build trust and ensure input from community members in our biobank. COLS is committed to ensuring [&hellip;]","og_url":"https:\/\/colostudy.org\/es\/diversidad-de-cols\/","og_site_name":"Colorado Longitudinal Study","article_modified_time":"2023-09-12T20:03:42+00:00","og_image":[{"width":1664,"height":939,"url":"https:\/\/colostudy.org\/wp-content\/uploads\/2020\/10\/tennis-couples_small-1.jpg","type":"image\/jpeg"}],"twitter_card":"summary_large_image","twitter_misc":{"Tiempo de lectura":"1 minuto"},"schema":{"@context":"https:\/\/schema.org","@graph":[{"@type":"WebPage","@id":"https:\/\/colostudy.org\/cols-diversity\/","url":"https:\/\/colostudy.org\/cols-diversity\/","name":"Commitment to Diversity - Colorado Longitudinal Study","isPartOf":{"@id":"https:\/\/colostudy.org\/#website"},"primaryImageOfPage":{"@id":"https:\/\/colostudy.org\/cols-diversity\/#primaryimage"},"image":{"@id":"https:\/\/colostudy.org\/cols-diversity\/#primaryimage"},"thumbnailUrl":"https:\/\/colostudy.org\/wp-content\/uploads\/2020\/10\/tennis-couples_small-1.jpg","datePublished":"2020-08-13T17:36:22+00:00","dateModified":"2023-09-12T20:03:42+00:00","breadcrumb":{"@id":"https:\/\/colostudy.org\/cols-diversity\/#breadcrumb"},"inLanguage":"es","potentialAction":[{"@type":"ReadAction","target":["https:\/\/colostudy.org\/cols-diversity\/"]}]},{"@type":"ImageObject","inLanguage":"es","@id":"https:\/\/colostudy.org\/cols-diversity\/#primaryimage","url":"https:\/\/colostudy.org\/wp-content\/uploads\/2020\/10\/tennis-couples_small-1.jpg","contentUrl":"https:\/\/colostudy.org\/wp-content\/uploads\/2020\/10\/tennis-couples_small-1.jpg","width":1664,"height":939,"caption":"COLS participants will reflect Colorado's diversity."},{"@type":"BreadcrumbList","@id":"https:\/\/colostudy.org\/cols-diversity\/#breadcrumb","itemListElement":[{"@type":"ListItem","position":1,"name":"Home","item":"https:\/\/colostudy.org\/"},{"@type":"ListItem","position":2,"name":"Commitment to Diversity"}]},{"@type":"WebSite","@id":"https:\/\/colostudy.org\/#website","url":"https:\/\/colostudy.org\/","name":"Colorado Longitudinal Study","description":"","publisher":{"@id":"https:\/\/colostudy.org\/#organization"},"potentialAction":[{"@type":"SearchAction","target":{"@type":"EntryPoint","urlTemplate":"https:\/\/colostudy.org\/?s={search_term_string}"},"query-input":{"@type":"PropertyValueSpecification","valueRequired":true,"valueName":"search_term_string"}}],"inLanguage":"es"},{"@type":"Organization","@id":"https:\/\/colostudy.org\/#organization","name":"Colorado Longitudinal Study","url":"https:\/\/colostudy.org\/","logo":{"@type":"ImageObject","inLanguage":"es","@id":"https:\/\/colostudy.org\/#\/schema\/logo\/image\/","url":"https:\/\/colostudy.org\/wp-content\/uploads\/2020\/08\/COLS_LogoWeb_RGB.png","contentUrl":"https:\/\/colostudy.org\/wp-content\/uploads\/2020\/08\/COLS_LogoWeb_RGB.png","width":1920,"height":223,"caption":"Colorado Longitudinal Study"},"image":{"@id":"https:\/\/colostudy.org\/#\/schema\/logo\/image\/"}}]}},"_links":{"self":[{"href":"https:\/\/colostudy.org\/es\/wp-json\/wp\/v2\/pages\/510","targetHints":{"allow":["GET"]}}],"collection":[{"href":"https:\/\/colostudy.org\/es\/wp-json\/wp\/v2\/pages"}],"about":[{"href":"https:\/\/colostudy.org\/es\/wp-json\/wp\/v2\/types\/page"}],"author":[{"embeddable":true,"href":"https:\/\/colostudy.org\/es\/wp-json\/wp\/v2\/users\/17"}],"replies":[{"embeddable":true,"href":"https:\/\/colostudy.org\/es\/wp-json\/wp\/v2\/comments?post=510"}],"version-history":[{"count":46,"href":"https:\/\/colostudy.org\/es\/wp-json\/wp\/v2\/pages\/510\/revisions"}],"predecessor-version":[{"id":1962,"href":"https:\/\/colostudy.org\/es\/wp-json\/wp\/v2\/pages\/510\/revisions\/1962"}],"wp:featuredmedia":[{"embeddable":true,"href":"https:\/\/colostudy.org\/es\/wp-json\/wp\/v2\/media\/1421"}],"wp:attachment":[{"href":"https:\/\/colostudy.org\/es\/wp-json\/wp\/v2\/media?parent=510"}],"curies":[{"name":"wp","href":"https:\/\/api.w.org\/{rel}","templated":true}]}}